{"id":10572,"date":"2022-07-28T09:35:19","date_gmt":"2022-07-28T07:35:19","guid":{"rendered":"https:\/\/www.fontebonashop.com\/prodotto\/ciauscolo-di-visso-g-g-a\/"},"modified":"2022-12-29T19:27:21","modified_gmt":"2022-12-29T18:27:21","slug":"ciauscolo-di-visso-g-g-a","status":"publish","type":"product","link":"https:\/\/www.fontebonashop.com\/de\/produkte\/ciauscolo-di-visso-g-g-a\/","title":{"rendered":"Ciauscolo di Visso g.g.A."},"content":{"rendered":"<p>Ciauscolo di Visso g.g.A. ist eine sehr schmackhafte und dennoch delikate Wurst mit intensivem und w\u00fcrzigem Aroma, deren Br\u00e4t nach alten Rezepten und Verarbeitungsmethoden hergestellt wird, die in den b\u00e4uerlichen Traditionen der Marken \u00fcberliefert wurden.<\/p>\n","protected":false},"excerpt":{"rendered":"<p>Ciauscolo di Visso\u00ae ist ein traditionelles Produkt aus den italienischen Marken, das aufgrund seiner Qualit\u00e4tsmerkmale die g.g.A.-Bezeichnung (gesch\u00fctzte geographische Angabe) erhalten hat. Es unterscheidet sich von anderen Wurstwaren durch seine weiche Konsistenz und Streichf\u00e4higkeit. Ausgew\u00e4hlt und vertrieben durch die Marke Wurstwaren von Campagnano.<\/p>\n","protected":false},"featured_media":8305,"comment_status":"closed","ping_status":"closed","template":"","meta":{"site-sidebar-layout":"default","site-content-layout":"default","ast-site-content-layout":"","site-content-style":"default","site-sidebar-style":"default","ast-global-header-display":"","ast-banner-title-visibility":"","ast-main-header-display":"","ast-hfb-above-header-display":"","ast-hfb-below-header-display":"","ast-hfb-mobile-header-display":"","site-post-title":"","ast-breadcrumbs-content":"","ast-featured-img":"","footer-sml-layout":"","theme-transparent-header-meta":"default","adv-header-id-meta":"","stick-header-meta":"","header-above-stick-meta":"","header-main-stick-meta":"","header-below-stick-meta":"","astra-migrate-meta-layouts":"default","ast-page-background-enabled":"default","ast-page-background-meta":{"desktop":{"background-color":"var(--ast-global-color-4)","background-image":"","background-repeat":"repeat","background-position":"center center","background-size":"auto","background-attachment":"scroll","background-type":"","background-media":"","overlay-type":"","overlay-color":"","overlay-opacity":"","overlay-gradient":""},"tablet":{"background-color":"","background-image":"","background-repeat":"repeat","background-position":"center center","background-size":"auto","background-attachment":"scroll","background-type":"","background-media":"","overlay-type":"","overlay-color":"","overlay-opacity":"","overlay-gradient":""},"mobile":{"background-color":"","background-image":"","background-repeat":"repeat","background-position":"center center","background-size":"auto","background-attachment":"scroll","background-type":"","background-media":"","overlay-type":"","overlay-color":"","overlay-opacity":"","overlay-gradient":""}},"ast-content-background-meta":{"desktop":{"background-color":"var(--ast-global-color-5)","background-image":"","background-repeat":"repeat","background-position":"center center","background-size":"auto","background-attachment":"scroll","background-type":"","background-media":"","overlay-type":"","overlay-color":"","overlay-opacity":"","overlay-gradient":""},"tablet":{"background-color":"var(--ast-global-color-5)","background-image":"","background-repeat":"repeat","background-position":"center center","background-size":"auto","background-attachment":"scroll","background-type":"","background-media":"","overlay-type":"","overlay-color":"","overlay-opacity":"","overlay-gradient":""},"mobile":{"background-color":"var(--ast-global-color-5)","background-image":"","background-repeat":"repeat","background-position":"center center","background-size":"auto","background-attachment":"scroll","background-type":"","background-media":"","overlay-type":"","overlay-color":"","overlay-opacity":"","overlay-gradient":""}}},"product_cat":[123],"product_tag":[],"class_list":{"0":"post-10572","1":"product","2":"type-product","3":"status-publish","4":"has-post-thumbnail","6":"product_cat-wurstwaren-von-campagnano","7":"desktop-align-left","8":"tablet-align-left","9":"mobile-align-left","10":"ast-product-gallery-layout-horizontal-slider","11":"ast-product-gallery-with-no-image","12":"ast-product-tabs-layout-horizontal","14":"first","15":"instock","16":"taxable","17":"shipping-taxable","18":"purchasable","19":"product-type-simple"},"yoast_head":"<!-- This site is optimized with the Yoast SEO plugin v23.4 - https:\/\/yoast.com\/wordpress\/plugins\/seo\/ -->\n<title>Ciauscolo di Visso g.g.A. - Fontebona<\/title>\n<meta name=\"robots\" content=\"index, follow, max-snippet:-1, max-image-preview:large, max-video-preview:-1\" \/>\n<link rel=\"canonical\" href=\"https:\/\/www.fontebonashop.com\/de\/produkte\/ciauscolo-di-visso-g-g-a\/\" \/>\n<meta property=\"og:locale\" content=\"de_DE\" \/>\n<meta property=\"og:type\" content=\"article\" \/>\n<meta property=\"og:title\" content=\"Ciauscolo di Visso g.g.A. - Fontebona\" \/>\n<meta property=\"og:description\" content=\"Ciauscolo di Visso\u00ae ist ein traditionelles Produkt aus den italienischen Marken, das aufgrund seiner Qualit\u00e4tsmerkmale die g.g.A.-Bezeichnung (gesch\u00fctzte geographische Angabe) erhalten hat. Es unterscheidet sich von anderen Wurstwaren durch seine weiche Konsistenz und Streichf\u00e4higkeit. Ausgew\u00e4hlt und vertrieben durch die Marke Wurstwaren von Campagnano.\" \/>\n<meta property=\"og:url\" content=\"https:\/\/www.fontebonashop.com\/de\/produkte\/ciauscolo-di-visso-g-g-a\/\" \/>\n<meta property=\"og:site_name\" content=\"Fontebona\" \/>\n<meta property=\"article:modified_time\" content=\"2022-12-29T18:27:21+00:00\" \/>\n<meta property=\"og:image\" content=\"https:\/\/www.fontebonashop.com\/wp-content\/uploads\/2022\/07\/CIAUSCOLO-DI-VISSO-I.G.P_38.jpg\" \/>\n\t<meta property=\"og:image:width\" content=\"1080\" \/>\n\t<meta property=\"og:image:height\" content=\"1080\" \/>\n\t<meta property=\"og:image:type\" content=\"image\/jpeg\" \/>\n<meta name=\"twitter:card\" content=\"summary_large_image\" \/>\n<script type=\"application\/ld+json\" class=\"yoast-schema-graph\">{\"@context\":\"https:\/\/schema.org\",\"@graph\":[{\"@type\":\"WebPage\",\"@id\":\"https:\/\/www.fontebonashop.com\/de\/produkte\/ciauscolo-di-visso-g-g-a\/\",\"url\":\"https:\/\/www.fontebonashop.com\/de\/produkte\/ciauscolo-di-visso-g-g-a\/\",\"name\":\"Ciauscolo di Visso g.g.A. - Fontebona\",\"isPartOf\":{\"@id\":\"https:\/\/www.fontebonashop.com\/de\/#website\"},\"primaryImageOfPage\":{\"@id\":\"https:\/\/www.fontebonashop.com\/de\/produkte\/ciauscolo-di-visso-g-g-a\/#primaryimage\"},\"image\":{\"@id\":\"https:\/\/www.fontebonashop.com\/de\/produkte\/ciauscolo-di-visso-g-g-a\/#primaryimage\"},\"thumbnailUrl\":\"https:\/\/www.fontebonashop.com\/wp-content\/uploads\/2022\/07\/CIAUSCOLO-DI-VISSO-I.G.P_38.jpg\",\"datePublished\":\"2022-07-28T07:35:19+00:00\",\"dateModified\":\"2022-12-29T18:27:21+00:00\",\"breadcrumb\":{\"@id\":\"https:\/\/www.fontebonashop.com\/de\/produkte\/ciauscolo-di-visso-g-g-a\/#breadcrumb\"},\"inLanguage\":\"de\",\"potentialAction\":[{\"@type\":\"ReadAction\",\"target\":[\"https:\/\/www.fontebonashop.com\/de\/produkte\/ciauscolo-di-visso-g-g-a\/\"]}]},{\"@type\":\"ImageObject\",\"inLanguage\":\"de\",\"@id\":\"https:\/\/www.fontebonashop.com\/de\/produkte\/ciauscolo-di-visso-g-g-a\/#primaryimage\",\"url\":\"https:\/\/www.fontebonashop.com\/wp-content\/uploads\/2022\/07\/CIAUSCOLO-DI-VISSO-I.G.P_38.jpg\",\"contentUrl\":\"https:\/\/www.fontebonashop.com\/wp-content\/uploads\/2022\/07\/CIAUSCOLO-DI-VISSO-I.G.P_38.jpg\",\"width\":1080,\"height\":1080},{\"@type\":\"BreadcrumbList\",\"@id\":\"https:\/\/www.fontebonashop.com\/de\/produkte\/ciauscolo-di-visso-g-g-a\/#breadcrumb\",\"itemListElement\":[{\"@type\":\"ListItem\",\"position\":1,\"name\":\"Home\",\"item\":\"https:\/\/www.fontebonashop.com\/de\/\"},{\"@type\":\"ListItem\",\"position\":2,\"name\":\"Shop\",\"item\":\"https:\/\/www.fontebonashop.com\/negozio\/\"},{\"@type\":\"ListItem\",\"position\":3,\"name\":\"Ciauscolo di Visso g.g.A.\"}]},{\"@type\":\"WebSite\",\"@id\":\"https:\/\/www.fontebonashop.com\/de\/#website\",\"url\":\"https:\/\/www.fontebonashop.com\/de\/\",\"name\":\"Fontebona\",\"description\":\"Carni dal 1936\",\"publisher\":{\"@id\":\"https:\/\/www.fontebonashop.com\/de\/#organization\"},\"potentialAction\":[{\"@type\":\"SearchAction\",\"target\":{\"@type\":\"EntryPoint\",\"urlTemplate\":\"https:\/\/www.fontebonashop.com\/de\/?s={search_term_string}\"},\"query-input\":{\"@type\":\"PropertyValueSpecification\",\"valueRequired\":true,\"valueName\":\"search_term_string\"}}],\"inLanguage\":\"de\"},{\"@type\":\"Organization\",\"@id\":\"https:\/\/www.fontebonashop.com\/de\/#organization\",\"name\":\"Fontebona\",\"url\":\"https:\/\/www.fontebonashop.com\/de\/\",\"logo\":{\"@type\":\"ImageObject\",\"inLanguage\":\"de\",\"@id\":\"https:\/\/www.fontebonashop.com\/de\/#\/schema\/logo\/image\/\",\"url\":\"https:\/\/www.fontebonashop.com\/wp-content\/uploads\/2022\/06\/cropped-logo.png\",\"contentUrl\":\"https:\/\/www.fontebonashop.com\/wp-content\/uploads\/2022\/06\/cropped-logo.png\",\"width\":265,\"height\":276,\"caption\":\"Fontebona\"},\"image\":{\"@id\":\"https:\/\/www.fontebonashop.com\/de\/#\/schema\/logo\/image\/\"}}]}<\/script>\n<!-- \/ Yoast SEO plugin. -->","yoast_head_json":{"title":"Ciauscolo di Visso g.g.A. - Fontebona","robots":{"index":"index","follow":"follow","max-snippet":"max-snippet:-1","max-image-preview":"max-image-preview:large","max-video-preview":"max-video-preview:-1"},"canonical":"https:\/\/www.fontebonashop.com\/de\/produkte\/ciauscolo-di-visso-g-g-a\/","og_locale":"de_DE","og_type":"article","og_title":"Ciauscolo di Visso g.g.A. - Fontebona","og_description":"Ciauscolo di Visso\u00ae ist ein traditionelles Produkt aus den italienischen Marken, das aufgrund seiner Qualit\u00e4tsmerkmale die g.g.A.-Bezeichnung (gesch\u00fctzte geographische Angabe) erhalten hat. Es unterscheidet sich von anderen Wurstwaren durch seine weiche Konsistenz und Streichf\u00e4higkeit. Ausgew\u00e4hlt und vertrieben durch die Marke Wurstwaren von Campagnano.","og_url":"https:\/\/www.fontebonashop.com\/de\/produkte\/ciauscolo-di-visso-g-g-a\/","og_site_name":"Fontebona","article_modified_time":"2022-12-29T18:27:21+00:00","og_image":[{"width":1080,"height":1080,"url":"https:\/\/www.fontebonashop.com\/wp-content\/uploads\/2022\/07\/CIAUSCOLO-DI-VISSO-I.G.P_38.jpg","type":"image\/jpeg"}],"twitter_card":"summary_large_image","schema":{"@context":"https:\/\/schema.org","@graph":[{"@type":"WebPage","@id":"https:\/\/www.fontebonashop.com\/de\/produkte\/ciauscolo-di-visso-g-g-a\/","url":"https:\/\/www.fontebonashop.com\/de\/produkte\/ciauscolo-di-visso-g-g-a\/","name":"Ciauscolo di Visso g.g.A. - Fontebona","isPartOf":{"@id":"https:\/\/www.fontebonashop.com\/de\/#website"},"primaryImageOfPage":{"@id":"https:\/\/www.fontebonashop.com\/de\/produkte\/ciauscolo-di-visso-g-g-a\/#primaryimage"},"image":{"@id":"https:\/\/www.fontebonashop.com\/de\/produkte\/ciauscolo-di-visso-g-g-a\/#primaryimage"},"thumbnailUrl":"https:\/\/www.fontebonashop.com\/wp-content\/uploads\/2022\/07\/CIAUSCOLO-DI-VISSO-I.G.P_38.jpg","datePublished":"2022-07-28T07:35:19+00:00","dateModified":"2022-12-29T18:27:21+00:00","breadcrumb":{"@id":"https:\/\/www.fontebonashop.com\/de\/produkte\/ciauscolo-di-visso-g-g-a\/#breadcrumb"},"inLanguage":"de","potentialAction":[{"@type":"ReadAction","target":["https:\/\/www.fontebonashop.com\/de\/produkte\/ciauscolo-di-visso-g-g-a\/"]}]},{"@type":"ImageObject","inLanguage":"de","@id":"https:\/\/www.fontebonashop.com\/de\/produkte\/ciauscolo-di-visso-g-g-a\/#primaryimage","url":"https:\/\/www.fontebonashop.com\/wp-content\/uploads\/2022\/07\/CIAUSCOLO-DI-VISSO-I.G.P_38.jpg","contentUrl":"https:\/\/www.fontebonashop.com\/wp-content\/uploads\/2022\/07\/CIAUSCOLO-DI-VISSO-I.G.P_38.jpg","width":1080,"height":1080},{"@type":"BreadcrumbList","@id":"https:\/\/www.fontebonashop.com\/de\/produkte\/ciauscolo-di-visso-g-g-a\/#breadcrumb","itemListElement":[{"@type":"ListItem","position":1,"name":"Home","item":"https:\/\/www.fontebonashop.com\/de\/"},{"@type":"ListItem","position":2,"name":"Shop","item":"https:\/\/www.fontebonashop.com\/negozio\/"},{"@type":"ListItem","position":3,"name":"Ciauscolo di Visso g.g.A."}]},{"@type":"WebSite","@id":"https:\/\/www.fontebonashop.com\/de\/#website","url":"https:\/\/www.fontebonashop.com\/de\/","name":"Fontebona","description":"Carni dal 1936","publisher":{"@id":"https:\/\/www.fontebonashop.com\/de\/#organization"},"potentialAction":[{"@type":"SearchAction","target":{"@type":"EntryPoint","urlTemplate":"https:\/\/www.fontebonashop.com\/de\/?s={search_term_string}"},"query-input":{"@type":"PropertyValueSpecification","valueRequired":true,"valueName":"search_term_string"}}],"inLanguage":"de"},{"@type":"Organization","@id":"https:\/\/www.fontebonashop.com\/de\/#organization","name":"Fontebona","url":"https:\/\/www.fontebonashop.com\/de\/","logo":{"@type":"ImageObject","inLanguage":"de","@id":"https:\/\/www.fontebonashop.com\/de\/#\/schema\/logo\/image\/","url":"https:\/\/www.fontebonashop.com\/wp-content\/uploads\/2022\/06\/cropped-logo.png","contentUrl":"https:\/\/www.fontebonashop.com\/wp-content\/uploads\/2022\/06\/cropped-logo.png","width":265,"height":276,"caption":"Fontebona"},"image":{"@id":"https:\/\/www.fontebonashop.com\/de\/#\/schema\/logo\/image\/"}}]}},"_links":{"self":[{"href":"https:\/\/www.fontebonashop.com\/de\/wp-json\/wp\/v2\/product\/10572"}],"collection":[{"href":"https:\/\/www.fontebonashop.com\/de\/wp-json\/wp\/v2\/product"}],"about":[{"href":"https:\/\/www.fontebonashop.com\/de\/wp-json\/wp\/v2\/types\/product"}],"replies":[{"embeddable":true,"href":"https:\/\/www.fontebonashop.com\/de\/wp-json\/wp\/v2\/comments?post=10572"}],"wp:featuredmedia":[{"embeddable":true,"href":"https:\/\/www.fontebonashop.com\/de\/wp-json\/wp\/v2\/media\/8305"}],"wp:attachment":[{"href":"https:\/\/www.fontebonashop.com\/de\/wp-json\/wp\/v2\/media?parent=10572"}],"wp:term":[{"taxonomy":"product_cat","embeddable":true,"href":"https:\/\/www.fontebonashop.com\/de\/wp-json\/wp\/v2\/product_cat?post=10572"},{"taxonomy":"product_tag","embeddable":true,"href":"https:\/\/www.fontebonashop.com\/de\/wp-json\/wp\/v2\/product_tag?post=10572"}],"curies":[{"name":"wp","href":"https:\/\/api.w.org\/{rel}","templated":true}]}}