{"id":10669,"date":"2022-07-28T09:30:04","date_gmt":"2022-07-28T07:30:04","guid":{"rendered":"https:\/\/www.fontebonashop.com\/prodotto\/lendenstueck-striploin-daenemark\/"},"modified":"2022-07-28T09:30:04","modified_gmt":"2022-07-28T07:30:04","slug":"lendenstuck-striploin-danemark","status":"publish","type":"product","link":"https:\/\/www.fontebonashop.com\/de\/produkte\/lendenstuck-striploin-danemark\/","title":{"rendered":"Lendenst\u00fcck (Striploin) D\u00e4nemark"},"content":{"rendered":"<p>Regina dei Fiordi, so hei\u00dft die Auswahl an Rindfleischprodukten, die von in D\u00e4nemark geborenen, aufgewachsenen und geschlachteten Rindern stammen. Die Rassen Holstein, Jersey und Red Dane geh\u00f6ren zu dieser Auswahl. Seit mehr als tausend Jahren geben die kleinen aber besonders fachkompetenten Viehz\u00fcchter von Generation zu Generation eine Zuchtmethode weiter, die nachhaltig ist und bei der Tierwohl und Umweltvertr\u00e4glichkeit eine wichtige Rolle spielen. Das Ergebnis ist die typische, intensiv rote Farbe des Fleisches mit ausgepr\u00e4gten intramuskul\u00e4ren Fetteinlagerungen und mit einem wahrhaft unverwechselbaren Geschmack. Ideal f\u00fcr Grill-Fans.<\/p>\n","protected":false},"excerpt":{"rendered":"<p>Lendenst\u00fcck von F\u00e4rsen\/K\u00fchen erlesener Rassen d\u00e4nischen Ursprungs. Typisches Merkmal ist der intensive und harmonische Geschmack.<\/p>\n","protected":false},"featured_media":8314,"comment_status":"closed","ping_status":"closed","template":"","meta":{"site-sidebar-layout":"default","site-content-layout":"default","ast-site-content-layout":"","site-content-style":"default","site-sidebar-style":"default","ast-global-header-display":"","ast-banner-title-visibility":"","ast-main-header-display":"","ast-hfb-above-header-display":"","ast-hfb-below-header-display":"","ast-hfb-mobile-header-display":"","site-post-title":"","ast-breadcrumbs-content":"","ast-featured-img":"","footer-sml-layout":"","theme-transparent-header-meta":"default","adv-header-id-meta":"","stick-header-meta":"","header-above-stick-meta":"","header-main-stick-meta":"","header-below-stick-meta":"","astra-migrate-meta-layouts":"default","ast-page-background-enabled":"default","ast-page-background-meta":{"desktop":{"background-color":"var(--ast-global-color-4)","background-image":"","background-repeat":"repeat","background-position":"center center","background-size":"auto","background-attachment":"scroll","background-type":"","background-media":"","overlay-type":"","overlay-color":"","overlay-opacity":"","overlay-gradient":""},"tablet":{"background-color":"","background-image":"","background-repeat":"repeat","background-position":"center center","background-size":"auto","background-attachment":"scroll","background-type":"","background-media":"","overlay-type":"","overlay-color":"","overlay-opacity":"","overlay-gradient":""},"mobile":{"background-color":"","background-image":"","background-repeat":"repeat","background-position":"center center","background-size":"auto","background-attachment":"scroll","background-type":"","background-media":"","overlay-type":"","overlay-color":"","overlay-opacity":"","overlay-gradient":""}},"ast-content-background-meta":{"desktop":{"background-color":"var(--ast-global-color-5)","background-image":"","background-repeat":"repeat","background-position":"center center","background-size":"auto","background-attachment":"scroll","background-type":"","background-media":"","overlay-type":"","overlay-color":"","overlay-opacity":"","overlay-gradient":""},"tablet":{"background-color":"var(--ast-global-color-5)","background-image":"","background-repeat":"repeat","background-position":"center center","background-size":"auto","background-attachment":"scroll","background-type":"","background-media":"","overlay-type":"","overlay-color":"","overlay-opacity":"","overlay-gradient":""},"mobile":{"background-color":"var(--ast-global-color-5)","background-image":"","background-repeat":"repeat","background-position":"center center","background-size":"auto","background-attachment":"scroll","background-type":"","background-media":"","overlay-type":"","overlay-color":"","overlay-opacity":"","overlay-gradient":""}}},"product_cat":[111,118,112,138,114],"product_tag":[130],"class_list":{"0":"post-10669","1":"product","2":"type-product","3":"status-publish","4":"has-post-thumbnail","6":"product_cat-beef-collection-de","7":"product_cat-danemark","8":"product_cat-europa-de","9":"product_cat-lendenstuck-striploin","10":"product_cat-zuschnitt","11":"product_tag-tb-note-organologiche-no-stag-de","12":"desktop-align-left","13":"tablet-align-left","14":"mobile-align-left","15":"ast-product-gallery-layout-horizontal-slider","16":"ast-product-gallery-with-no-image","17":"ast-product-tabs-layout-horizontal","19":"first","20":"instock","21":"taxable","22":"shipping-taxable","23":"purchasable","24":"product-type-simple"},"yoast_head":"<!-- This site is optimized with the Yoast SEO plugin v23.4 - https:\/\/yoast.com\/wordpress\/plugins\/seo\/ -->\n<title>Lendenst\u00fcck (Striploin) D\u00e4nemark - Fontebona<\/title>\n<meta name=\"robots\" content=\"index, follow, max-snippet:-1, max-image-preview:large, max-video-preview:-1\" \/>\n<link rel=\"canonical\" href=\"https:\/\/www.fontebonashop.com\/de\/produkte\/lendenstuck-striploin-danemark\/\" \/>\n<meta property=\"og:locale\" content=\"de_DE\" \/>\n<meta property=\"og:type\" content=\"article\" \/>\n<meta property=\"og:title\" content=\"Lendenst\u00fcck (Striploin) D\u00e4nemark - Fontebona\" \/>\n<meta property=\"og:description\" content=\"Lendenst\u00fcck von F\u00e4rsen\/K\u00fchen erlesener Rassen d\u00e4nischen Ursprungs. Typisches Merkmal ist der intensive und harmonische Geschmack.\" \/>\n<meta property=\"og:url\" content=\"https:\/\/www.fontebonashop.com\/de\/produkte\/lendenstuck-striploin-danemark\/\" \/>\n<meta property=\"og:site_name\" content=\"Fontebona\" \/>\n<meta property=\"og:image\" content=\"https:\/\/www.fontebonashop.com\/wp-content\/uploads\/2022\/07\/CONTROFILETTO-DANIMARCA_47.jpg\" \/>\n\t<meta property=\"og:image:width\" content=\"1080\" \/>\n\t<meta property=\"og:image:height\" content=\"1080\" \/>\n\t<meta property=\"og:image:type\" content=\"image\/jpeg\" \/>\n<meta name=\"twitter:card\" content=\"summary_large_image\" \/>\n<script type=\"application\/ld+json\" class=\"yoast-schema-graph\">{\"@context\":\"https:\/\/schema.org\",\"@graph\":[{\"@type\":\"WebPage\",\"@id\":\"https:\/\/www.fontebonashop.com\/de\/produkte\/lendenstuck-striploin-danemark\/\",\"url\":\"https:\/\/www.fontebonashop.com\/de\/produkte\/lendenstuck-striploin-danemark\/\",\"name\":\"Lendenst\u00fcck (Striploin) D\u00e4nemark - Fontebona\",\"isPartOf\":{\"@id\":\"https:\/\/www.fontebonashop.com\/de\/#website\"},\"primaryImageOfPage\":{\"@id\":\"https:\/\/www.fontebonashop.com\/de\/produkte\/lendenstuck-striploin-danemark\/#primaryimage\"},\"image\":{\"@id\":\"https:\/\/www.fontebonashop.com\/de\/produkte\/lendenstuck-striploin-danemark\/#primaryimage\"},\"thumbnailUrl\":\"https:\/\/www.fontebonashop.com\/wp-content\/uploads\/2022\/07\/CONTROFILETTO-DANIMARCA_47.jpg\",\"datePublished\":\"2022-07-28T07:30:04+00:00\",\"dateModified\":\"2022-07-28T07:30:04+00:00\",\"breadcrumb\":{\"@id\":\"https:\/\/www.fontebonashop.com\/de\/produkte\/lendenstuck-striploin-danemark\/#breadcrumb\"},\"inLanguage\":\"de\",\"potentialAction\":[{\"@type\":\"ReadAction\",\"target\":[\"https:\/\/www.fontebonashop.com\/de\/produkte\/lendenstuck-striploin-danemark\/\"]}]},{\"@type\":\"ImageObject\",\"inLanguage\":\"de\",\"@id\":\"https:\/\/www.fontebonashop.com\/de\/produkte\/lendenstuck-striploin-danemark\/#primaryimage\",\"url\":\"https:\/\/www.fontebonashop.com\/wp-content\/uploads\/2022\/07\/CONTROFILETTO-DANIMARCA_47.jpg\",\"contentUrl\":\"https:\/\/www.fontebonashop.com\/wp-content\/uploads\/2022\/07\/CONTROFILETTO-DANIMARCA_47.jpg\",\"width\":1080,\"height\":1080},{\"@type\":\"BreadcrumbList\",\"@id\":\"https:\/\/www.fontebonashop.com\/de\/produkte\/lendenstuck-striploin-danemark\/#breadcrumb\",\"itemListElement\":[{\"@type\":\"ListItem\",\"position\":1,\"name\":\"Home\",\"item\":\"https:\/\/www.fontebonashop.com\/de\/\"},{\"@type\":\"ListItem\",\"position\":2,\"name\":\"Shop\",\"item\":\"https:\/\/www.fontebonashop.com\/negozio\/\"},{\"@type\":\"ListItem\",\"position\":3,\"name\":\"Lendenst\u00fcck (Striploin) D\u00e4nemark\"}]},{\"@type\":\"WebSite\",\"@id\":\"https:\/\/www.fontebonashop.com\/de\/#website\",\"url\":\"https:\/\/www.fontebonashop.com\/de\/\",\"name\":\"Fontebona\",\"description\":\"Carni dal 1936\",\"publisher\":{\"@id\":\"https:\/\/www.fontebonashop.com\/de\/#organization\"},\"potentialAction\":[{\"@type\":\"SearchAction\",\"target\":{\"@type\":\"EntryPoint\",\"urlTemplate\":\"https:\/\/www.fontebonashop.com\/de\/?s={search_term_string}\"},\"query-input\":{\"@type\":\"PropertyValueSpecification\",\"valueRequired\":true,\"valueName\":\"search_term_string\"}}],\"inLanguage\":\"de\"},{\"@type\":\"Organization\",\"@id\":\"https:\/\/www.fontebonashop.com\/de\/#organization\",\"name\":\"Fontebona\",\"url\":\"https:\/\/www.fontebonashop.com\/de\/\",\"logo\":{\"@type\":\"ImageObject\",\"inLanguage\":\"de\",\"@id\":\"https:\/\/www.fontebonashop.com\/de\/#\/schema\/logo\/image\/\",\"url\":\"https:\/\/www.fontebonashop.com\/wp-content\/uploads\/2022\/06\/cropped-logo.png\",\"contentUrl\":\"https:\/\/www.fontebonashop.com\/wp-content\/uploads\/2022\/06\/cropped-logo.png\",\"width\":265,\"height\":276,\"caption\":\"Fontebona\"},\"image\":{\"@id\":\"https:\/\/www.fontebonashop.com\/de\/#\/schema\/logo\/image\/\"}}]}<\/script>\n<!-- \/ Yoast SEO plugin. -->","yoast_head_json":{"title":"Lendenst\u00fcck (Striploin) D\u00e4nemark - Fontebona","robots":{"index":"index","follow":"follow","max-snippet":"max-snippet:-1","max-image-preview":"max-image-preview:large","max-video-preview":"max-video-preview:-1"},"canonical":"https:\/\/www.fontebonashop.com\/de\/produkte\/lendenstuck-striploin-danemark\/","og_locale":"de_DE","og_type":"article","og_title":"Lendenst\u00fcck (Striploin) D\u00e4nemark - Fontebona","og_description":"Lendenst\u00fcck von F\u00e4rsen\/K\u00fchen erlesener Rassen d\u00e4nischen Ursprungs. Typisches Merkmal ist der intensive und harmonische Geschmack.","og_url":"https:\/\/www.fontebonashop.com\/de\/produkte\/lendenstuck-striploin-danemark\/","og_site_name":"Fontebona","og_image":[{"width":1080,"height":1080,"url":"https:\/\/www.fontebonashop.com\/wp-content\/uploads\/2022\/07\/CONTROFILETTO-DANIMARCA_47.jpg","type":"image\/jpeg"}],"twitter_card":"summary_large_image","schema":{"@context":"https:\/\/schema.org","@graph":[{"@type":"WebPage","@id":"https:\/\/www.fontebonashop.com\/de\/produkte\/lendenstuck-striploin-danemark\/","url":"https:\/\/www.fontebonashop.com\/de\/produkte\/lendenstuck-striploin-danemark\/","name":"Lendenst\u00fcck (Striploin) D\u00e4nemark - Fontebona","isPartOf":{"@id":"https:\/\/www.fontebonashop.com\/de\/#website"},"primaryImageOfPage":{"@id":"https:\/\/www.fontebonashop.com\/de\/produkte\/lendenstuck-striploin-danemark\/#primaryimage"},"image":{"@id":"https:\/\/www.fontebonashop.com\/de\/produkte\/lendenstuck-striploin-danemark\/#primaryimage"},"thumbnailUrl":"https:\/\/www.fontebonashop.com\/wp-content\/uploads\/2022\/07\/CONTROFILETTO-DANIMARCA_47.jpg","datePublished":"2022-07-28T07:30:04+00:00","dateModified":"2022-07-28T07:30:04+00:00","breadcrumb":{"@id":"https:\/\/www.fontebonashop.com\/de\/produkte\/lendenstuck-striploin-danemark\/#breadcrumb"},"inLanguage":"de","potentialAction":[{"@type":"ReadAction","target":["https:\/\/www.fontebonashop.com\/de\/produkte\/lendenstuck-striploin-danemark\/"]}]},{"@type":"ImageObject","inLanguage":"de","@id":"https:\/\/www.fontebonashop.com\/de\/produkte\/lendenstuck-striploin-danemark\/#primaryimage","url":"https:\/\/www.fontebonashop.com\/wp-content\/uploads\/2022\/07\/CONTROFILETTO-DANIMARCA_47.jpg","contentUrl":"https:\/\/www.fontebonashop.com\/wp-content\/uploads\/2022\/07\/CONTROFILETTO-DANIMARCA_47.jpg","width":1080,"height":1080},{"@type":"BreadcrumbList","@id":"https:\/\/www.fontebonashop.com\/de\/produkte\/lendenstuck-striploin-danemark\/#breadcrumb","itemListElement":[{"@type":"ListItem","position":1,"name":"Home","item":"https:\/\/www.fontebonashop.com\/de\/"},{"@type":"ListItem","position":2,"name":"Shop","item":"https:\/\/www.fontebonashop.com\/negozio\/"},{"@type":"ListItem","position":3,"name":"Lendenst\u00fcck (Striploin) D\u00e4nemark"}]},{"@type":"WebSite","@id":"https:\/\/www.fontebonashop.com\/de\/#website","url":"https:\/\/www.fontebonashop.com\/de\/","name":"Fontebona","description":"Carni dal 1936","publisher":{"@id":"https:\/\/www.fontebonashop.com\/de\/#organization"},"potentialAction":[{"@type":"SearchAction","target":{"@type":"EntryPoint","urlTemplate":"https:\/\/www.fontebonashop.com\/de\/?s={search_term_string}"},"query-input":{"@type":"PropertyValueSpecification","valueRequired":true,"valueName":"search_term_string"}}],"inLanguage":"de"},{"@type":"Organization","@id":"https:\/\/www.fontebonashop.com\/de\/#organization","name":"Fontebona","url":"https:\/\/www.fontebonashop.com\/de\/","logo":{"@type":"ImageObject","inLanguage":"de","@id":"https:\/\/www.fontebonashop.com\/de\/#\/schema\/logo\/image\/","url":"https:\/\/www.fontebonashop.com\/wp-content\/uploads\/2022\/06\/cropped-logo.png","contentUrl":"https:\/\/www.fontebonashop.com\/wp-content\/uploads\/2022\/06\/cropped-logo.png","width":265,"height":276,"caption":"Fontebona"},"image":{"@id":"https:\/\/www.fontebonashop.com\/de\/#\/schema\/logo\/image\/"}}]}},"_links":{"self":[{"href":"https:\/\/www.fontebonashop.com\/de\/wp-json\/wp\/v2\/product\/10669"}],"collection":[{"href":"https:\/\/www.fontebonashop.com\/de\/wp-json\/wp\/v2\/product"}],"about":[{"href":"https:\/\/www.fontebonashop.com\/de\/wp-json\/wp\/v2\/types\/product"}],"replies":[{"embeddable":true,"href":"https:\/\/www.fontebonashop.com\/de\/wp-json\/wp\/v2\/comments?post=10669"}],"wp:featuredmedia":[{"embeddable":true,"href":"https:\/\/www.fontebonashop.com\/de\/wp-json\/wp\/v2\/media\/8314"}],"wp:attachment":[{"href":"https:\/\/www.fontebonashop.com\/de\/wp-json\/wp\/v2\/media?parent=10669"}],"wp:term":[{"taxonomy":"product_cat","embeddable":true,"href":"https:\/\/www.fontebonashop.com\/de\/wp-json\/wp\/v2\/product_cat?post=10669"},{"taxonomy":"product_tag","embeddable":true,"href":"https:\/\/www.fontebonashop.com\/de\/wp-json\/wp\/v2\/product_tag?post=10669"}],"curies":[{"name":"wp","href":"https:\/\/api.w.org\/{rel}","templated":true}]}}