{"id":10680,"date":"2022-07-28T09:29:56","date_gmt":"2022-07-28T07:29:56","guid":{"rendered":"https:\/\/www.fontebonashop.com\/prodotto\/entrecote-mit-deckel-irland\/"},"modified":"2022-07-28T09:29:56","modified_gmt":"2022-07-28T07:29:56","slug":"entrecote-mit-deckel-irland","status":"publish","type":"product","link":"https:\/\/www.fontebonashop.com\/de\/produkte\/entrecote-mit-deckel-irland\/","title":{"rendered":"Entrecote mit Deckel Irland"},"content":{"rendered":"<p>Miss Kelly ist die Fontebona-Auswahl an Rindfleisch von K\u00fchen und Ochsen irischen Ursprungs, zu der die Rassen Hereford und Angus geh\u00f6ren. Seit sehr langer Zeit sind sie in dieser Region ans\u00e4ssig und geh\u00f6ren aufgrund ihrer Anpassungsf\u00e4higkeit, Fruchtbarkeit und Langlebigkeit zu den am meisten gez\u00fcchteten Rassen der Welt. Unverdorbene Weidefl\u00e4chen, die auf die geringe Bev\u00f6lkerungsdichte in Irland zur\u00fcckzuf\u00fchren sind, das besonders g\u00fcnstige, regnerische Klima und die gr\u00f6\u00dfte Kalksteinausdehnung Europas bieten diesen Tieren riesige Futterfl\u00e4chen mit mineralischem Geschmack, die dem Fleisch seine gleichm\u00e4\u00dfige Farbe und seinen kr\u00e4ftigen Geschmack verleihen.<\/p>\n","protected":false},"excerpt":{"rendered":"<p>Entrecote mit Deckel von K\u00fchen\/Ochsen erlesener Rassen irischen Ursprungs. Typisches Merkmal ist der grasige, kr\u00e4ftige Geschmack.<\/p>\n","protected":false},"featured_media":8430,"comment_status":"closed","ping_status":"closed","template":"","meta":{"site-sidebar-layout":"default","site-content-layout":"default","ast-site-content-layout":"","site-content-style":"default","site-sidebar-style":"default","ast-global-header-display":"","ast-banner-title-visibility":"","ast-main-header-display":"","ast-hfb-above-header-display":"","ast-hfb-below-header-display":"","ast-hfb-mobile-header-display":"","site-post-title":"","ast-breadcrumbs-content":"","ast-featured-img":"","footer-sml-layout":"","theme-transparent-header-meta":"default","adv-header-id-meta":"","stick-header-meta":"","header-above-stick-meta":"","header-main-stick-meta":"","header-below-stick-meta":"","astra-migrate-meta-layouts":"default","ast-page-background-enabled":"default","ast-page-background-meta":{"desktop":{"background-color":"var(--ast-global-color-4)","background-image":"","background-repeat":"repeat","background-position":"center center","background-size":"auto","background-attachment":"scroll","background-type":"","background-media":"","overlay-type":"","overlay-color":"","overlay-opacity":"","overlay-gradient":""},"tablet":{"background-color":"","background-image":"","background-repeat":"repeat","background-position":"center center","background-size":"auto","background-attachment":"scroll","background-type":"","background-media":"","overlay-type":"","overlay-color":"","overlay-opacity":"","overlay-gradient":""},"mobile":{"background-color":"","background-image":"","background-repeat":"repeat","background-position":"center center","background-size":"auto","background-attachment":"scroll","background-type":"","background-media":"","overlay-type":"","overlay-color":"","overlay-opacity":"","overlay-gradient":""}},"ast-content-background-meta":{"desktop":{"background-color":"var(--ast-global-color-5)","background-image":"","background-repeat":"repeat","background-position":"center center","background-size":"auto","background-attachment":"scroll","background-type":"","background-media":"","overlay-type":"","overlay-color":"","overlay-opacity":"","overlay-gradient":""},"tablet":{"background-color":"var(--ast-global-color-5)","background-image":"","background-repeat":"repeat","background-position":"center center","background-size":"auto","background-attachment":"scroll","background-type":"","background-media":"","overlay-type":"","overlay-color":"","overlay-opacity":"","overlay-gradient":""},"mobile":{"background-color":"var(--ast-global-color-5)","background-image":"","background-repeat":"repeat","background-position":"center center","background-size":"auto","background-attachment":"scroll","background-type":"","background-media":"","overlay-type":"","overlay-color":"","overlay-opacity":"","overlay-gradient":""}}},"product_cat":[111,140,112,131,114],"product_tag":[130],"class_list":{"0":"post-10680","1":"product","2":"type-product","3":"status-publish","4":"has-post-thumbnail","6":"product_cat-beef-collection-de","7":"product_cat-entrecote-mit-deckel","8":"product_cat-europa-de","9":"product_cat-irland","10":"product_cat-zuschnitt","11":"product_tag-tb-note-organologiche-no-stag-de","12":"desktop-align-left","13":"tablet-align-left","14":"mobile-align-left","15":"ast-product-gallery-layout-horizontal-slider","16":"ast-product-gallery-with-no-image","17":"ast-product-tabs-layout-horizontal","19":"first","20":"instock","21":"taxable","22":"shipping-taxable","23":"purchasable","24":"product-type-simple"},"yoast_head":"<!-- This site is optimized with the Yoast SEO plugin v23.4 - https:\/\/yoast.com\/wordpress\/plugins\/seo\/ -->\n<title>Entrecote mit Deckel Irland - Fontebona<\/title>\n<meta name=\"robots\" content=\"index, follow, max-snippet:-1, max-image-preview:large, max-video-preview:-1\" \/>\n<link rel=\"canonical\" href=\"https:\/\/www.fontebonashop.com\/de\/produkte\/entrecote-mit-deckel-irland\/\" \/>\n<meta property=\"og:locale\" content=\"de_DE\" \/>\n<meta property=\"og:type\" content=\"article\" \/>\n<meta property=\"og:title\" content=\"Entrecote mit Deckel Irland - Fontebona\" \/>\n<meta property=\"og:description\" content=\"Entrecote mit Deckel von K\u00fchen\/Ochsen erlesener Rassen irischen Ursprungs. Typisches Merkmal ist der grasige, kr\u00e4ftige Geschmack.\" \/>\n<meta property=\"og:url\" content=\"https:\/\/www.fontebonashop.com\/de\/produkte\/entrecote-mit-deckel-irland\/\" \/>\n<meta property=\"og:site_name\" content=\"Fontebona\" \/>\n<meta property=\"og:image\" content=\"https:\/\/www.fontebonashop.com\/wp-content\/uploads\/2022\/07\/ENTRECOTE-CON-FASCIA-IRLANDA_163.jpg\" \/>\n\t<meta property=\"og:image:width\" content=\"1080\" \/>\n\t<meta property=\"og:image:height\" content=\"1080\" \/>\n\t<meta property=\"og:image:type\" content=\"image\/jpeg\" \/>\n<meta name=\"twitter:card\" content=\"summary_large_image\" \/>\n<meta name=\"twitter:label1\" content=\"Gesch\u00e4tzte Lesezeit\" \/>\n\t<meta name=\"twitter:data1\" content=\"1\u00a0Minute\" \/>\n<script type=\"application\/ld+json\" class=\"yoast-schema-graph\">{\"@context\":\"https:\/\/schema.org\",\"@graph\":[{\"@type\":\"WebPage\",\"@id\":\"https:\/\/www.fontebonashop.com\/de\/produkte\/entrecote-mit-deckel-irland\/\",\"url\":\"https:\/\/www.fontebonashop.com\/de\/produkte\/entrecote-mit-deckel-irland\/\",\"name\":\"Entrecote mit Deckel Irland - Fontebona\",\"isPartOf\":{\"@id\":\"https:\/\/www.fontebonashop.com\/de\/#website\"},\"primaryImageOfPage\":{\"@id\":\"https:\/\/www.fontebonashop.com\/de\/produkte\/entrecote-mit-deckel-irland\/#primaryimage\"},\"image\":{\"@id\":\"https:\/\/www.fontebonashop.com\/de\/produkte\/entrecote-mit-deckel-irland\/#primaryimage\"},\"thumbnailUrl\":\"https:\/\/www.fontebonashop.com\/wp-content\/uploads\/2022\/07\/ENTRECOTE-CON-FASCIA-IRLANDA_163.jpg\",\"datePublished\":\"2022-07-28T07:29:56+00:00\",\"dateModified\":\"2022-07-28T07:29:56+00:00\",\"breadcrumb\":{\"@id\":\"https:\/\/www.fontebonashop.com\/de\/produkte\/entrecote-mit-deckel-irland\/#breadcrumb\"},\"inLanguage\":\"de\",\"potentialAction\":[{\"@type\":\"ReadAction\",\"target\":[\"https:\/\/www.fontebonashop.com\/de\/produkte\/entrecote-mit-deckel-irland\/\"]}]},{\"@type\":\"ImageObject\",\"inLanguage\":\"de\",\"@id\":\"https:\/\/www.fontebonashop.com\/de\/produkte\/entrecote-mit-deckel-irland\/#primaryimage\",\"url\":\"https:\/\/www.fontebonashop.com\/wp-content\/uploads\/2022\/07\/ENTRECOTE-CON-FASCIA-IRLANDA_163.jpg\",\"contentUrl\":\"https:\/\/www.fontebonashop.com\/wp-content\/uploads\/2022\/07\/ENTRECOTE-CON-FASCIA-IRLANDA_163.jpg\",\"width\":1080,\"height\":1080},{\"@type\":\"BreadcrumbList\",\"@id\":\"https:\/\/www.fontebonashop.com\/de\/produkte\/entrecote-mit-deckel-irland\/#breadcrumb\",\"itemListElement\":[{\"@type\":\"ListItem\",\"position\":1,\"name\":\"Home\",\"item\":\"https:\/\/www.fontebonashop.com\/de\/\"},{\"@type\":\"ListItem\",\"position\":2,\"name\":\"Shop\",\"item\":\"https:\/\/www.fontebonashop.com\/negozio\/\"},{\"@type\":\"ListItem\",\"position\":3,\"name\":\"Entrecote mit Deckel Irland\"}]},{\"@type\":\"WebSite\",\"@id\":\"https:\/\/www.fontebonashop.com\/de\/#website\",\"url\":\"https:\/\/www.fontebonashop.com\/de\/\",\"name\":\"Fontebona\",\"description\":\"Carni dal 1936\",\"publisher\":{\"@id\":\"https:\/\/www.fontebonashop.com\/de\/#organization\"},\"potentialAction\":[{\"@type\":\"SearchAction\",\"target\":{\"@type\":\"EntryPoint\",\"urlTemplate\":\"https:\/\/www.fontebonashop.com\/de\/?s={search_term_string}\"},\"query-input\":{\"@type\":\"PropertyValueSpecification\",\"valueRequired\":true,\"valueName\":\"search_term_string\"}}],\"inLanguage\":\"de\"},{\"@type\":\"Organization\",\"@id\":\"https:\/\/www.fontebonashop.com\/de\/#organization\",\"name\":\"Fontebona\",\"url\":\"https:\/\/www.fontebonashop.com\/de\/\",\"logo\":{\"@type\":\"ImageObject\",\"inLanguage\":\"de\",\"@id\":\"https:\/\/www.fontebonashop.com\/de\/#\/schema\/logo\/image\/\",\"url\":\"https:\/\/www.fontebonashop.com\/wp-content\/uploads\/2022\/06\/cropped-logo.png\",\"contentUrl\":\"https:\/\/www.fontebonashop.com\/wp-content\/uploads\/2022\/06\/cropped-logo.png\",\"width\":265,\"height\":276,\"caption\":\"Fontebona\"},\"image\":{\"@id\":\"https:\/\/www.fontebonashop.com\/de\/#\/schema\/logo\/image\/\"}}]}<\/script>\n<!-- \/ Yoast SEO plugin. -->","yoast_head_json":{"title":"Entrecote mit Deckel Irland - Fontebona","robots":{"index":"index","follow":"follow","max-snippet":"max-snippet:-1","max-image-preview":"max-image-preview:large","max-video-preview":"max-video-preview:-1"},"canonical":"https:\/\/www.fontebonashop.com\/de\/produkte\/entrecote-mit-deckel-irland\/","og_locale":"de_DE","og_type":"article","og_title":"Entrecote mit Deckel Irland - Fontebona","og_description":"Entrecote mit Deckel von K\u00fchen\/Ochsen erlesener Rassen irischen Ursprungs. Typisches Merkmal ist der grasige, kr\u00e4ftige Geschmack.","og_url":"https:\/\/www.fontebonashop.com\/de\/produkte\/entrecote-mit-deckel-irland\/","og_site_name":"Fontebona","og_image":[{"width":1080,"height":1080,"url":"https:\/\/www.fontebonashop.com\/wp-content\/uploads\/2022\/07\/ENTRECOTE-CON-FASCIA-IRLANDA_163.jpg","type":"image\/jpeg"}],"twitter_card":"summary_large_image","twitter_misc":{"Gesch\u00e4tzte Lesezeit":"1\u00a0Minute"},"schema":{"@context":"https:\/\/schema.org","@graph":[{"@type":"WebPage","@id":"https:\/\/www.fontebonashop.com\/de\/produkte\/entrecote-mit-deckel-irland\/","url":"https:\/\/www.fontebonashop.com\/de\/produkte\/entrecote-mit-deckel-irland\/","name":"Entrecote mit Deckel Irland - Fontebona","isPartOf":{"@id":"https:\/\/www.fontebonashop.com\/de\/#website"},"primaryImageOfPage":{"@id":"https:\/\/www.fontebonashop.com\/de\/produkte\/entrecote-mit-deckel-irland\/#primaryimage"},"image":{"@id":"https:\/\/www.fontebonashop.com\/de\/produkte\/entrecote-mit-deckel-irland\/#primaryimage"},"thumbnailUrl":"https:\/\/www.fontebonashop.com\/wp-content\/uploads\/2022\/07\/ENTRECOTE-CON-FASCIA-IRLANDA_163.jpg","datePublished":"2022-07-28T07:29:56+00:00","dateModified":"2022-07-28T07:29:56+00:00","breadcrumb":{"@id":"https:\/\/www.fontebonashop.com\/de\/produkte\/entrecote-mit-deckel-irland\/#breadcrumb"},"inLanguage":"de","potentialAction":[{"@type":"ReadAction","target":["https:\/\/www.fontebonashop.com\/de\/produkte\/entrecote-mit-deckel-irland\/"]}]},{"@type":"ImageObject","inLanguage":"de","@id":"https:\/\/www.fontebonashop.com\/de\/produkte\/entrecote-mit-deckel-irland\/#primaryimage","url":"https:\/\/www.fontebonashop.com\/wp-content\/uploads\/2022\/07\/ENTRECOTE-CON-FASCIA-IRLANDA_163.jpg","contentUrl":"https:\/\/www.fontebonashop.com\/wp-content\/uploads\/2022\/07\/ENTRECOTE-CON-FASCIA-IRLANDA_163.jpg","width":1080,"height":1080},{"@type":"BreadcrumbList","@id":"https:\/\/www.fontebonashop.com\/de\/produkte\/entrecote-mit-deckel-irland\/#breadcrumb","itemListElement":[{"@type":"ListItem","position":1,"name":"Home","item":"https:\/\/www.fontebonashop.com\/de\/"},{"@type":"ListItem","position":2,"name":"Shop","item":"https:\/\/www.fontebonashop.com\/negozio\/"},{"@type":"ListItem","position":3,"name":"Entrecote mit Deckel Irland"}]},{"@type":"WebSite","@id":"https:\/\/www.fontebonashop.com\/de\/#website","url":"https:\/\/www.fontebonashop.com\/de\/","name":"Fontebona","description":"Carni dal 1936","publisher":{"@id":"https:\/\/www.fontebonashop.com\/de\/#organization"},"potentialAction":[{"@type":"SearchAction","target":{"@type":"EntryPoint","urlTemplate":"https:\/\/www.fontebonashop.com\/de\/?s={search_term_string}"},"query-input":{"@type":"PropertyValueSpecification","valueRequired":true,"valueName":"search_term_string"}}],"inLanguage":"de"},{"@type":"Organization","@id":"https:\/\/www.fontebonashop.com\/de\/#organization","name":"Fontebona","url":"https:\/\/www.fontebonashop.com\/de\/","logo":{"@type":"ImageObject","inLanguage":"de","@id":"https:\/\/www.fontebonashop.com\/de\/#\/schema\/logo\/image\/","url":"https:\/\/www.fontebonashop.com\/wp-content\/uploads\/2022\/06\/cropped-logo.png","contentUrl":"https:\/\/www.fontebonashop.com\/wp-content\/uploads\/2022\/06\/cropped-logo.png","width":265,"height":276,"caption":"Fontebona"},"image":{"@id":"https:\/\/www.fontebonashop.com\/de\/#\/schema\/logo\/image\/"}}]}},"_links":{"self":[{"href":"https:\/\/www.fontebonashop.com\/de\/wp-json\/wp\/v2\/product\/10680"}],"collection":[{"href":"https:\/\/www.fontebonashop.com\/de\/wp-json\/wp\/v2\/product"}],"about":[{"href":"https:\/\/www.fontebonashop.com\/de\/wp-json\/wp\/v2\/types\/product"}],"replies":[{"embeddable":true,"href":"https:\/\/www.fontebonashop.com\/de\/wp-json\/wp\/v2\/comments?post=10680"}],"wp:featuredmedia":[{"embeddable":true,"href":"https:\/\/www.fontebonashop.com\/de\/wp-json\/wp\/v2\/media\/8430"}],"wp:attachment":[{"href":"https:\/\/www.fontebonashop.com\/de\/wp-json\/wp\/v2\/media?parent=10680"}],"wp:term":[{"taxonomy":"product_cat","embeddable":true,"href":"https:\/\/www.fontebonashop.com\/de\/wp-json\/wp\/v2\/product_cat?post=10680"},{"taxonomy":"product_tag","embeddable":true,"href":"https:\/\/www.fontebonashop.com\/de\/wp-json\/wp\/v2\/product_tag?post=10680"}],"curies":[{"name":"wp","href":"https:\/\/api.w.org\/{rel}","templated":true}]}}