{"id":10695,"date":"2022-07-28T09:28:02","date_gmt":"2022-07-28T07:28:02","guid":{"rendered":"https:\/\/www.fontebonashop.com\/prodotto\/fiorentina-steak-t-bone-polen-plus\/"},"modified":"2022-12-30T20:18:03","modified_gmt":"2022-12-30T19:18:03","slug":"fiorentina-steak-t-bone-polen","status":"publish","type":"product","link":"https:\/\/www.fontebonashop.com\/de\/produkte\/fiorentina-steak-t-bone-polen\/","title":{"rendered":"Fiorentina-Steak (T-Bone) Polen Plus"},"content":{"rendered":"<p>Karolina del Mazury ist die Fontebona-Auswahl an Rind- und F\u00e4rsenfleisch polnischen Ursprungs, zu der haupts\u00e4chlich die Rassen Frisona Baltica und Holstein z\u00e4hlen. Im Unterschied zu anderen europ\u00e4ischen L\u00e4ndern tendieren kleine, polnische, familiengef\u00fchrte Zuchtbetriebe dazu, verschiedene Rassen, d.h. Stiere f\u00fcr die Fleischgewinnung und K\u00fche f\u00fcr die Milchproduktion, miteinander zu kreuzen, um Tiere zu erhalten, die beide Eigenschaften aufweisen. Die extensive Zucht mit F\u00fctterung von Gras und ballaststoffreichem Getreide sowie die Zugabe von Zuckerr\u00fcben verleihen dem Fleisch seine helle Farbe, eine beachtliche Marmorierung, einen besonders delikaten Geschmack und eine au\u00dfergew\u00f6hnliche Zartheit.<\/p>\n","protected":false},"excerpt":{"rendered":"<p>Rippenst\u00fcck mit Knochen von F\u00e4rsen\/K\u00fchen erlesener Rassen polnischen Ursprungs. Typisches Merkmal ist der zarte, aromatische Geschmack.<\/p>\n","protected":false},"featured_media":8532,"comment_status":"closed","ping_status":"closed","template":"","meta":{"site-sidebar-layout":"default","site-content-layout":"default","ast-site-content-layout":"","site-content-style":"default","site-sidebar-style":"default","ast-global-header-display":"","ast-banner-title-visibility":"","ast-main-header-display":"","ast-hfb-above-header-display":"","ast-hfb-below-header-display":"","ast-hfb-mobile-header-display":"","site-post-title":"","ast-breadcrumbs-content":"","ast-featured-img":"","footer-sml-layout":"","theme-transparent-header-meta":"default","adv-header-id-meta":"","stick-header-meta":"","header-above-stick-meta":"","header-main-stick-meta":"","header-below-stick-meta":"","astra-migrate-meta-layouts":"default","ast-page-background-enabled":"default","ast-page-background-meta":{"desktop":{"background-color":"var(--ast-global-color-4)","background-image":"","background-repeat":"repeat","background-position":"center center","background-size":"auto","background-attachment":"scroll","background-type":"","background-media":"","overlay-type":"","overlay-color":"","overlay-opacity":"","overlay-gradient":""},"tablet":{"background-color":"","background-image":"","background-repeat":"repeat","background-position":"center center","background-size":"auto","background-attachment":"scroll","background-type":"","background-media":"","overlay-type":"","overlay-color":"","overlay-opacity":"","overlay-gradient":""},"mobile":{"background-color":"","background-image":"","background-repeat":"repeat","background-position":"center center","background-size":"auto","background-attachment":"scroll","background-type":"","background-media":"","overlay-type":"","overlay-color":"","overlay-opacity":"","overlay-gradient":""}},"ast-content-background-meta":{"desktop":{"background-color":"var(--ast-global-color-5)","background-image":"","background-repeat":"repeat","background-position":"center center","background-size":"auto","background-attachment":"scroll","background-type":"","background-media":"","overlay-type":"","overlay-color":"","overlay-opacity":"","overlay-gradient":""},"tablet":{"background-color":"var(--ast-global-color-5)","background-image":"","background-repeat":"repeat","background-position":"center center","background-size":"auto","background-attachment":"scroll","background-type":"","background-media":"","overlay-type":"","overlay-color":"","overlay-opacity":"","overlay-gradient":""},"mobile":{"background-color":"var(--ast-global-color-5)","background-image":"","background-repeat":"repeat","background-position":"center center","background-size":"auto","background-attachment":"scroll","background-type":"","background-media":"","overlay-type":"","overlay-color":"","overlay-opacity":"","overlay-gradient":""}}},"product_cat":[111,112,143,133,114],"product_tag":[116,117],"class_list":{"0":"post-10695","1":"product","2":"type-product","3":"status-publish","4":"has-post-thumbnail","6":"product_cat-beef-collection-de","7":"product_cat-europa-de","8":"product_cat-fiorentina-steak-t-bone","9":"product_cat-polen","10":"product_cat-zuschnitt","11":"product_tag-marmorierung-plus","12":"product_tag-tb-note-organologiche-full-de","13":"desktop-align-left","14":"tablet-align-left","15":"mobile-align-left","16":"ast-product-gallery-layout-horizontal-slider","17":"ast-product-gallery-with-no-image","18":"ast-product-single-variable","19":"ast-product-tabs-layout-horizontal","21":"first","22":"instock","23":"taxable","24":"shipping-taxable","25":"purchasable","26":"product-type-variable","27":"has-default-attributes"},"yoast_head":"<!-- This site is optimized with the Yoast SEO plugin v23.4 - https:\/\/yoast.com\/wordpress\/plugins\/seo\/ -->\n<title>Fiorentina-Steak (T-Bone) Polen Plus - Fontebona<\/title>\n<meta name=\"robots\" content=\"index, follow, max-snippet:-1, max-image-preview:large, max-video-preview:-1\" \/>\n<link rel=\"canonical\" href=\"https:\/\/www.fontebonashop.com\/de\/produkte\/fiorentina-steak-t-bone-polen\/\" \/>\n<meta property=\"og:locale\" content=\"de_DE\" \/>\n<meta property=\"og:type\" content=\"article\" \/>\n<meta property=\"og:title\" content=\"Fiorentina-Steak (T-Bone) Polen Plus - Fontebona\" \/>\n<meta property=\"og:description\" content=\"Rippenst\u00fcck mit Knochen von F\u00e4rsen\/K\u00fchen erlesener Rassen polnischen Ursprungs. Typisches Merkmal ist der zarte, aromatische Geschmack.\" \/>\n<meta property=\"og:url\" content=\"https:\/\/www.fontebonashop.com\/de\/produkte\/fiorentina-steak-t-bone-polen\/\" \/>\n<meta property=\"og:site_name\" content=\"Fontebona\" \/>\n<meta property=\"article:modified_time\" content=\"2022-12-30T19:18:03+00:00\" \/>\n<meta property=\"og:image\" content=\"https:\/\/www.fontebonashop.com\/wp-content\/uploads\/2022\/07\/FIORENTINA-POLONIA-PLUS_265.jpg\" \/>\n\t<meta property=\"og:image:width\" content=\"1080\" \/>\n\t<meta property=\"og:image:height\" content=\"1080\" \/>\n\t<meta property=\"og:image:type\" content=\"image\/jpeg\" \/>\n<meta name=\"twitter:card\" content=\"summary_large_image\" \/>\n<meta name=\"twitter:label1\" content=\"Gesch\u00e4tzte Lesezeit\" \/>\n\t<meta name=\"twitter:data1\" content=\"1\u00a0Minute\" \/>\n<script type=\"application\/ld+json\" class=\"yoast-schema-graph\">{\"@context\":\"https:\/\/schema.org\",\"@graph\":[{\"@type\":\"WebPage\",\"@id\":\"https:\/\/www.fontebonashop.com\/de\/produkte\/fiorentina-steak-t-bone-polen\/\",\"url\":\"https:\/\/www.fontebonashop.com\/de\/produkte\/fiorentina-steak-t-bone-polen\/\",\"name\":\"Fiorentina-Steak (T-Bone) Polen Plus - Fontebona\",\"isPartOf\":{\"@id\":\"https:\/\/www.fontebonashop.com\/de\/#website\"},\"primaryImageOfPage\":{\"@id\":\"https:\/\/www.fontebonashop.com\/de\/produkte\/fiorentina-steak-t-bone-polen\/#primaryimage\"},\"image\":{\"@id\":\"https:\/\/www.fontebonashop.com\/de\/produkte\/fiorentina-steak-t-bone-polen\/#primaryimage\"},\"thumbnailUrl\":\"https:\/\/www.fontebonashop.com\/wp-content\/uploads\/2022\/07\/FIORENTINA-POLONIA-PLUS_265.jpg\",\"datePublished\":\"2022-07-28T07:28:02+00:00\",\"dateModified\":\"2022-12-30T19:18:03+00:00\",\"breadcrumb\":{\"@id\":\"https:\/\/www.fontebonashop.com\/de\/produkte\/fiorentina-steak-t-bone-polen\/#breadcrumb\"},\"inLanguage\":\"de\",\"potentialAction\":[{\"@type\":\"ReadAction\",\"target\":[\"https:\/\/www.fontebonashop.com\/de\/produkte\/fiorentina-steak-t-bone-polen\/\"]}]},{\"@type\":\"ImageObject\",\"inLanguage\":\"de\",\"@id\":\"https:\/\/www.fontebonashop.com\/de\/produkte\/fiorentina-steak-t-bone-polen\/#primaryimage\",\"url\":\"https:\/\/www.fontebonashop.com\/wp-content\/uploads\/2022\/07\/FIORENTINA-POLONIA-PLUS_265.jpg\",\"contentUrl\":\"https:\/\/www.fontebonashop.com\/wp-content\/uploads\/2022\/07\/FIORENTINA-POLONIA-PLUS_265.jpg\",\"width\":1080,\"height\":1080},{\"@type\":\"BreadcrumbList\",\"@id\":\"https:\/\/www.fontebonashop.com\/de\/produkte\/fiorentina-steak-t-bone-polen\/#breadcrumb\",\"itemListElement\":[{\"@type\":\"ListItem\",\"position\":1,\"name\":\"Home\",\"item\":\"https:\/\/www.fontebonashop.com\/de\/\"},{\"@type\":\"ListItem\",\"position\":2,\"name\":\"Shop\",\"item\":\"https:\/\/www.fontebonashop.com\/negozio\/\"},{\"@type\":\"ListItem\",\"position\":3,\"name\":\"Fiorentina-Steak (T-Bone) Polen Plus\"}]},{\"@type\":\"WebSite\",\"@id\":\"https:\/\/www.fontebonashop.com\/de\/#website\",\"url\":\"https:\/\/www.fontebonashop.com\/de\/\",\"name\":\"Fontebona\",\"description\":\"Carni dal 1936\",\"publisher\":{\"@id\":\"https:\/\/www.fontebonashop.com\/de\/#organization\"},\"potentialAction\":[{\"@type\":\"SearchAction\",\"target\":{\"@type\":\"EntryPoint\",\"urlTemplate\":\"https:\/\/www.fontebonashop.com\/de\/?s={search_term_string}\"},\"query-input\":{\"@type\":\"PropertyValueSpecification\",\"valueRequired\":true,\"valueName\":\"search_term_string\"}}],\"inLanguage\":\"de\"},{\"@type\":\"Organization\",\"@id\":\"https:\/\/www.fontebonashop.com\/de\/#organization\",\"name\":\"Fontebona\",\"url\":\"https:\/\/www.fontebonashop.com\/de\/\",\"logo\":{\"@type\":\"ImageObject\",\"inLanguage\":\"de\",\"@id\":\"https:\/\/www.fontebonashop.com\/de\/#\/schema\/logo\/image\/\",\"url\":\"https:\/\/www.fontebonashop.com\/wp-content\/uploads\/2022\/06\/cropped-logo.png\",\"contentUrl\":\"https:\/\/www.fontebonashop.com\/wp-content\/uploads\/2022\/06\/cropped-logo.png\",\"width\":265,\"height\":276,\"caption\":\"Fontebona\"},\"image\":{\"@id\":\"https:\/\/www.fontebonashop.com\/de\/#\/schema\/logo\/image\/\"}}]}<\/script>\n<!-- \/ Yoast SEO plugin. -->","yoast_head_json":{"title":"Fiorentina-Steak (T-Bone) Polen Plus - Fontebona","robots":{"index":"index","follow":"follow","max-snippet":"max-snippet:-1","max-image-preview":"max-image-preview:large","max-video-preview":"max-video-preview:-1"},"canonical":"https:\/\/www.fontebonashop.com\/de\/produkte\/fiorentina-steak-t-bone-polen\/","og_locale":"de_DE","og_type":"article","og_title":"Fiorentina-Steak (T-Bone) Polen Plus - Fontebona","og_description":"Rippenst\u00fcck mit Knochen von F\u00e4rsen\/K\u00fchen erlesener Rassen polnischen Ursprungs. Typisches Merkmal ist der zarte, aromatische Geschmack.","og_url":"https:\/\/www.fontebonashop.com\/de\/produkte\/fiorentina-steak-t-bone-polen\/","og_site_name":"Fontebona","article_modified_time":"2022-12-30T19:18:03+00:00","og_image":[{"width":1080,"height":1080,"url":"https:\/\/www.fontebonashop.com\/wp-content\/uploads\/2022\/07\/FIORENTINA-POLONIA-PLUS_265.jpg","type":"image\/jpeg"}],"twitter_card":"summary_large_image","twitter_misc":{"Gesch\u00e4tzte Lesezeit":"1\u00a0Minute"},"schema":{"@context":"https:\/\/schema.org","@graph":[{"@type":"WebPage","@id":"https:\/\/www.fontebonashop.com\/de\/produkte\/fiorentina-steak-t-bone-polen\/","url":"https:\/\/www.fontebonashop.com\/de\/produkte\/fiorentina-steak-t-bone-polen\/","name":"Fiorentina-Steak (T-Bone) Polen Plus - Fontebona","isPartOf":{"@id":"https:\/\/www.fontebonashop.com\/de\/#website"},"primaryImageOfPage":{"@id":"https:\/\/www.fontebonashop.com\/de\/produkte\/fiorentina-steak-t-bone-polen\/#primaryimage"},"image":{"@id":"https:\/\/www.fontebonashop.com\/de\/produkte\/fiorentina-steak-t-bone-polen\/#primaryimage"},"thumbnailUrl":"https:\/\/www.fontebonashop.com\/wp-content\/uploads\/2022\/07\/FIORENTINA-POLONIA-PLUS_265.jpg","datePublished":"2022-07-28T07:28:02+00:00","dateModified":"2022-12-30T19:18:03+00:00","breadcrumb":{"@id":"https:\/\/www.fontebonashop.com\/de\/produkte\/fiorentina-steak-t-bone-polen\/#breadcrumb"},"inLanguage":"de","potentialAction":[{"@type":"ReadAction","target":["https:\/\/www.fontebonashop.com\/de\/produkte\/fiorentina-steak-t-bone-polen\/"]}]},{"@type":"ImageObject","inLanguage":"de","@id":"https:\/\/www.fontebonashop.com\/de\/produkte\/fiorentina-steak-t-bone-polen\/#primaryimage","url":"https:\/\/www.fontebonashop.com\/wp-content\/uploads\/2022\/07\/FIORENTINA-POLONIA-PLUS_265.jpg","contentUrl":"https:\/\/www.fontebonashop.com\/wp-content\/uploads\/2022\/07\/FIORENTINA-POLONIA-PLUS_265.jpg","width":1080,"height":1080},{"@type":"BreadcrumbList","@id":"https:\/\/www.fontebonashop.com\/de\/produkte\/fiorentina-steak-t-bone-polen\/#breadcrumb","itemListElement":[{"@type":"ListItem","position":1,"name":"Home","item":"https:\/\/www.fontebonashop.com\/de\/"},{"@type":"ListItem","position":2,"name":"Shop","item":"https:\/\/www.fontebonashop.com\/negozio\/"},{"@type":"ListItem","position":3,"name":"Fiorentina-Steak (T-Bone) Polen Plus"}]},{"@type":"WebSite","@id":"https:\/\/www.fontebonashop.com\/de\/#website","url":"https:\/\/www.fontebonashop.com\/de\/","name":"Fontebona","description":"Carni dal 1936","publisher":{"@id":"https:\/\/www.fontebonashop.com\/de\/#organization"},"potentialAction":[{"@type":"SearchAction","target":{"@type":"EntryPoint","urlTemplate":"https:\/\/www.fontebonashop.com\/de\/?s={search_term_string}"},"query-input":{"@type":"PropertyValueSpecification","valueRequired":true,"valueName":"search_term_string"}}],"inLanguage":"de"},{"@type":"Organization","@id":"https:\/\/www.fontebonashop.com\/de\/#organization","name":"Fontebona","url":"https:\/\/www.fontebonashop.com\/de\/","logo":{"@type":"ImageObject","inLanguage":"de","@id":"https:\/\/www.fontebonashop.com\/de\/#\/schema\/logo\/image\/","url":"https:\/\/www.fontebonashop.com\/wp-content\/uploads\/2022\/06\/cropped-logo.png","contentUrl":"https:\/\/www.fontebonashop.com\/wp-content\/uploads\/2022\/06\/cropped-logo.png","width":265,"height":276,"caption":"Fontebona"},"image":{"@id":"https:\/\/www.fontebonashop.com\/de\/#\/schema\/logo\/image\/"}}]}},"_links":{"self":[{"href":"https:\/\/www.fontebonashop.com\/de\/wp-json\/wp\/v2\/product\/10695"}],"collection":[{"href":"https:\/\/www.fontebonashop.com\/de\/wp-json\/wp\/v2\/product"}],"about":[{"href":"https:\/\/www.fontebonashop.com\/de\/wp-json\/wp\/v2\/types\/product"}],"replies":[{"embeddable":true,"href":"https:\/\/www.fontebonashop.com\/de\/wp-json\/wp\/v2\/comments?post=10695"}],"wp:featuredmedia":[{"embeddable":true,"href":"https:\/\/www.fontebonashop.com\/de\/wp-json\/wp\/v2\/media\/8532"}],"wp:attachment":[{"href":"https:\/\/www.fontebonashop.com\/de\/wp-json\/wp\/v2\/media?parent=10695"}],"wp:term":[{"taxonomy":"product_cat","embeddable":true,"href":"https:\/\/www.fontebonashop.com\/de\/wp-json\/wp\/v2\/product_cat?post=10695"},{"taxonomy":"product_tag","embeddable":true,"href":"https:\/\/www.fontebonashop.com\/de\/wp-json\/wp\/v2\/product_tag?post=10695"}],"curies":[{"name":"wp","href":"https:\/\/api.w.org\/{rel}","templated":true}]}}